{"id":2697,"date":"2025-09-23T10:46:54","date_gmt":"2025-09-23T09:46:54","guid":{"rendered":"https:\/\/expertosenparquet.com\/w\/?page_id=2697"},"modified":"2025-09-23T10:56:24","modified_gmt":"2025-09-23T09:56:24","slug":"perfiles-de-terminacion-discretos-minileiste-toda-la-informacion-aqui","status":"publish","type":"page","link":"https:\/\/expertosenparquet.com\/w\/perfiles-de-terminacion-discretos-minileiste-toda-la-informacion-aqui","title":{"rendered":"Distribuidores Perfiles Minileiste"},"content":{"rendered":"<p>El secreto de un parquet impecable est\u00e1 en los detalles. Conoce los perfiles de terminaci\u00f3n <strong>Minileiste<\/strong> que fusionan dise\u00f1o, calidad y funcionalidad. \u00a1Tu suelo lucir\u00e1 como nunca!<\/p>\n<a href=\"https:\/\/expertosenparquet.com\/w\/wp-content\/uploads\/2025\/09\/Catalogo_de_Productos_minileiste_2025_ES.pdf\" class=\"pdfemb-viewer\" style=\"\" data-width=\"max\" data-height=\"max\" data-toolbar=\"bottom\" data-toolbar-fixed=\"off\">Cat\u00e1logo_de_Productos_minileiste_2025_ES<\/a>\n<p>&nbsp;<\/p>\n<p>Somos distribuidores oficiales de <strong>Minileiste.<\/strong> Si deseas comprar y\/o instalar un perfil de Minileiste, no dudes en pedir <i><b>precio<\/b> <\/i>completando el formulario de <i><b>presupuestos<\/b> <\/i>pinchando<i> <\/i><b><a href=\"https:\/\/expertosenparquet.com\/w\/presupuesto-tienda\/\" target=\"_blank\" rel=\"noopener noreferrer\" data-linkid=\"2\">aqu\u00ed<\/a>.<\/b><\/p>\n","protected":false},"excerpt":{"rendered":"<p>El secreto de un parquet impecable est\u00e1 en los detalles. Conoce los perfiles de terminaci\u00f3n Minileiste que fusionan dise\u00f1o, calidad y funcionalidad. \u00a1Tu suelo lucir\u00e1 como nunca! &nbsp; Somos distribuidores oficiales de Minileiste. Si deseas comprar y\/o instalar un perfil de Minileiste, no dudes en pedir precio completando el formulario de presupuestos pinchando aqu\u00ed.<\/p>\n","protected":false},"author":1,"featured_media":0,"parent":0,"menu_order":0,"comment_status":"closed","ping_status":"closed","template":"","meta":{"footnotes":""},"class_list":["post-2697","page","type-page","status-publish","hentry"],"yoast_head":"<!-- This site is optimized with the Yoast SEO plugin v27.4 - https:\/\/yoast.com\/product\/yoast-seo-wordpress\/ -->\n<title>Perfiles de terminaci\u00f3n discretos Minileiste<\/title>\n<meta name=\"description\" content=\"El secreto de un parquet impecable est\u00e1 en los detalles. Conoce los perfiles de terminaci\u00f3n Minileiste que fusionan dise\u00f1o, calidad y funcionalidad. \u00a1Tu suelo lucir\u00e1 como nunca!\" \/>\n<meta name=\"robots\" content=\"index, follow, max-snippet:-1, max-image-preview:large, max-video-preview:-1\" \/>\n<link rel=\"canonical\" href=\"https:\/\/expertosenparquet.com\/w\/perfiles-de-terminacion-discretos-minileiste-toda-la-informacion-aqui\" \/>\n<meta property=\"og:locale\" content=\"es_ES\" \/>\n<meta property=\"og:type\" content=\"article\" \/>\n<meta property=\"og:title\" content=\"Perfiles de terminaci\u00f3n discretos Minileiste\" \/>\n<meta property=\"og:description\" content=\"El secreto de un parquet impecable est\u00e1 en los detalles. Conoce los perfiles de terminaci\u00f3n Minileiste que fusionan dise\u00f1o, calidad y funcionalidad. \u00a1Tu suelo lucir\u00e1 como nunca!\" \/>\n<meta property=\"og:url\" content=\"https:\/\/expertosenparquet.com\/w\/perfiles-de-terminacion-discretos-minileiste-toda-la-informacion-aqui\" \/>\n<meta property=\"og:site_name\" content=\"\u25b7Expertos En Parquet\u00ae\u2192Parquet y Tarimas en Huelva y Sevilla \u3010Acuchillados\u3011\" \/>\n<meta property=\"article:publisher\" content=\"https:\/\/www.facebook.com\/ExpertosEnParquetPagina\/\" \/>\n<meta property=\"article:modified_time\" content=\"2025-09-23T09:56:24+00:00\" \/>\n<meta name=\"twitter:card\" content=\"summary_large_image\" \/>\n<meta name=\"twitter:label1\" content=\"Tiempo de lectura\" \/>\n\t<meta name=\"twitter:data1\" content=\"1 minuto\" \/>\n<script type=\"application\/ld+json\" class=\"yoast-schema-graph\">{\"@context\":\"https:\\\/\\\/schema.org\",\"@graph\":[{\"@type\":\"WebPage\",\"@id\":\"https:\\\/\\\/expertosenparquet.com\\\/w\\\/perfiles-de-terminacion-discretos-minileiste-toda-la-informacion-aqui\",\"url\":\"https:\\\/\\\/expertosenparquet.com\\\/w\\\/perfiles-de-terminacion-discretos-minileiste-toda-la-informacion-aqui\",\"name\":\"Perfiles de terminaci\u00f3n discretos Minileiste\",\"isPartOf\":{\"@id\":\"https:\\\/\\\/expertosenparquet.com\\\/w\\\/#website\"},\"datePublished\":\"2025-09-23T09:46:54+00:00\",\"dateModified\":\"2025-09-23T09:56:24+00:00\",\"description\":\"El secreto de un parquet impecable est\u00e1 en los detalles. Conoce los perfiles de terminaci\u00f3n Minileiste que fusionan dise\u00f1o, calidad y funcionalidad. \u00a1Tu suelo lucir\u00e1 como nunca!\",\"breadcrumb\":{\"@id\":\"https:\\\/\\\/expertosenparquet.com\\\/w\\\/perfiles-de-terminacion-discretos-minileiste-toda-la-informacion-aqui#breadcrumb\"},\"inLanguage\":\"es\",\"potentialAction\":[{\"@type\":\"ReadAction\",\"target\":[\"https:\\\/\\\/expertosenparquet.com\\\/w\\\/perfiles-de-terminacion-discretos-minileiste-toda-la-informacion-aqui\"]}]},{\"@type\":\"BreadcrumbList\",\"@id\":\"https:\\\/\\\/expertosenparquet.com\\\/w\\\/perfiles-de-terminacion-discretos-minileiste-toda-la-informacion-aqui#breadcrumb\",\"itemListElement\":[{\"@type\":\"ListItem\",\"position\":1,\"name\":\"Home\",\"item\":\"https:\\\/\\\/expertosenparquet.com\\\/w\\\/\"},{\"@type\":\"ListItem\",\"position\":2,\"name\":\"Distribuidores Perfiles Minileiste\"}]},{\"@type\":\"WebSite\",\"@id\":\"https:\\\/\\\/expertosenparquet.com\\\/w\\\/#website\",\"url\":\"https:\\\/\\\/expertosenparquet.com\\\/w\\\/\",\"name\":\"\u25b7Expertos En Parquet\u00ae\u2192Parquet y Tarimas en Huelva y Sevilla \u3010Acuchillados\u3011\",\"description\":\"Empresa especializada en la venta, instalaci\u00f3n y reparaci\u00f3n de  suelos de parquet, tarimas flotantes,  laminados, vin\u00edlicos LVT, WPC, SPC y PVC, pegados, clavados o flotantes. Acuchillamos y pulimos suelos de parquet.Trabajamos las principales marcas: Finfloor, Quick-Step, Baltic Wood, Poliface, Meister, Egger, Disfloor-Top, Gold-Laminate, Nature Floors, Tauro Floor, Vallifloor en Huelva, Sevilla, Madrid, Barcelona, Ayamonte, Aljaraque, Cartaya, Lepe, Islantilla, Bollullos del Condado, La Palma del Condado, El Rompido, Punta Umbr\u00eda, El Portil, La Monacilla, Bellavista, Isla Cristina, Aracena, Jabugo, Moguer, Isla Canera, Punta del Moral, Mazag\u00f3n, Palos De La Frontera...\",\"publisher\":{\"@id\":\"https:\\\/\\\/expertosenparquet.com\\\/w\\\/#organization\"},\"potentialAction\":[{\"@type\":\"SearchAction\",\"target\":{\"@type\":\"EntryPoint\",\"urlTemplate\":\"https:\\\/\\\/expertosenparquet.com\\\/w\\\/?s={search_term_string}\"},\"query-input\":{\"@type\":\"PropertyValueSpecification\",\"valueRequired\":true,\"valueName\":\"search_term_string\"}}],\"inLanguage\":\"es\"},{\"@type\":\"Organization\",\"@id\":\"https:\\\/\\\/expertosenparquet.com\\\/w\\\/#organization\",\"name\":\"Expertos en Parquet\",\"url\":\"https:\\\/\\\/expertosenparquet.com\\\/w\\\/\",\"logo\":{\"@type\":\"ImageObject\",\"inLanguage\":\"es\",\"@id\":\"https:\\\/\\\/expertosenparquet.com\\\/w\\\/#\\\/schema\\\/logo\\\/image\\\/\",\"url\":\"https:\\\/\\\/i0.wp.com\\\/expertosenparquet.com\\\/w\\\/wp-content\\\/uploads\\\/2020\\\/03\\\/cropped-Logo-expertos-mini-fondo-1.png?fit=1363%2C250&ssl=1\",\"contentUrl\":\"https:\\\/\\\/i0.wp.com\\\/expertosenparquet.com\\\/w\\\/wp-content\\\/uploads\\\/2020\\\/03\\\/cropped-Logo-expertos-mini-fondo-1.png?fit=1363%2C250&ssl=1\",\"width\":1363,\"height\":250,\"caption\":\"Expertos en Parquet\"},\"image\":{\"@id\":\"https:\\\/\\\/expertosenparquet.com\\\/w\\\/#\\\/schema\\\/logo\\\/image\\\/\"},\"sameAs\":[\"https:\\\/\\\/www.facebook.com\\\/ExpertosEnParquetPagina\\\/\"]}]}<\/script>\n<!-- \/ Yoast SEO plugin. -->","yoast_head_json":{"title":"Perfiles de terminaci\u00f3n discretos Minileiste","description":"El secreto de un parquet impecable est\u00e1 en los detalles. Conoce los perfiles de terminaci\u00f3n Minileiste que fusionan dise\u00f1o, calidad y funcionalidad. \u00a1Tu suelo lucir\u00e1 como nunca!","robots":{"index":"index","follow":"follow","max-snippet":"max-snippet:-1","max-image-preview":"max-image-preview:large","max-video-preview":"max-video-preview:-1"},"canonical":"https:\/\/expertosenparquet.com\/w\/perfiles-de-terminacion-discretos-minileiste-toda-la-informacion-aqui","og_locale":"es_ES","og_type":"article","og_title":"Perfiles de terminaci\u00f3n discretos Minileiste","og_description":"El secreto de un parquet impecable est\u00e1 en los detalles. Conoce los perfiles de terminaci\u00f3n Minileiste que fusionan dise\u00f1o, calidad y funcionalidad. \u00a1Tu suelo lucir\u00e1 como nunca!","og_url":"https:\/\/expertosenparquet.com\/w\/perfiles-de-terminacion-discretos-minileiste-toda-la-informacion-aqui","og_site_name":"\u25b7Expertos En Parquet\u00ae\u2192Parquet y Tarimas en Huelva y Sevilla \u3010Acuchillados\u3011","article_publisher":"https:\/\/www.facebook.com\/ExpertosEnParquetPagina\/","article_modified_time":"2025-09-23T09:56:24+00:00","twitter_card":"summary_large_image","twitter_misc":{"Tiempo de lectura":"1 minuto"},"schema":{"@context":"https:\/\/schema.org","@graph":[{"@type":"WebPage","@id":"https:\/\/expertosenparquet.com\/w\/perfiles-de-terminacion-discretos-minileiste-toda-la-informacion-aqui","url":"https:\/\/expertosenparquet.com\/w\/perfiles-de-terminacion-discretos-minileiste-toda-la-informacion-aqui","name":"Perfiles de terminaci\u00f3n discretos Minileiste","isPartOf":{"@id":"https:\/\/expertosenparquet.com\/w\/#website"},"datePublished":"2025-09-23T09:46:54+00:00","dateModified":"2025-09-23T09:56:24+00:00","description":"El secreto de un parquet impecable est\u00e1 en los detalles. Conoce los perfiles de terminaci\u00f3n Minileiste que fusionan dise\u00f1o, calidad y funcionalidad. \u00a1Tu suelo lucir\u00e1 como nunca!","breadcrumb":{"@id":"https:\/\/expertosenparquet.com\/w\/perfiles-de-terminacion-discretos-minileiste-toda-la-informacion-aqui#breadcrumb"},"inLanguage":"es","potentialAction":[{"@type":"ReadAction","target":["https:\/\/expertosenparquet.com\/w\/perfiles-de-terminacion-discretos-minileiste-toda-la-informacion-aqui"]}]},{"@type":"BreadcrumbList","@id":"https:\/\/expertosenparquet.com\/w\/perfiles-de-terminacion-discretos-minileiste-toda-la-informacion-aqui#breadcrumb","itemListElement":[{"@type":"ListItem","position":1,"name":"Home","item":"https:\/\/expertosenparquet.com\/w\/"},{"@type":"ListItem","position":2,"name":"Distribuidores Perfiles Minileiste"}]},{"@type":"WebSite","@id":"https:\/\/expertosenparquet.com\/w\/#website","url":"https:\/\/expertosenparquet.com\/w\/","name":"\u25b7Expertos En Parquet\u00ae\u2192Parquet y Tarimas en Huelva y Sevilla \u3010Acuchillados\u3011","description":"Empresa especializada en la venta, instalaci\u00f3n y reparaci\u00f3n de  suelos de parquet, tarimas flotantes,  laminados, vin\u00edlicos LVT, WPC, SPC y PVC, pegados, clavados o flotantes. Acuchillamos y pulimos suelos de parquet.Trabajamos las principales marcas: Finfloor, Quick-Step, Baltic Wood, Poliface, Meister, Egger, Disfloor-Top, Gold-Laminate, Nature Floors, Tauro Floor, Vallifloor en Huelva, Sevilla, Madrid, Barcelona, Ayamonte, Aljaraque, Cartaya, Lepe, Islantilla, Bollullos del Condado, La Palma del Condado, El Rompido, Punta Umbr\u00eda, El Portil, La Monacilla, Bellavista, Isla Cristina, Aracena, Jabugo, Moguer, Isla Canera, Punta del Moral, Mazag\u00f3n, Palos De La Frontera...","publisher":{"@id":"https:\/\/expertosenparquet.com\/w\/#organization"},"potentialAction":[{"@type":"SearchAction","target":{"@type":"EntryPoint","urlTemplate":"https:\/\/expertosenparquet.com\/w\/?s={search_term_string}"},"query-input":{"@type":"PropertyValueSpecification","valueRequired":true,"valueName":"search_term_string"}}],"inLanguage":"es"},{"@type":"Organization","@id":"https:\/\/expertosenparquet.com\/w\/#organization","name":"Expertos en Parquet","url":"https:\/\/expertosenparquet.com\/w\/","logo":{"@type":"ImageObject","inLanguage":"es","@id":"https:\/\/expertosenparquet.com\/w\/#\/schema\/logo\/image\/","url":"https:\/\/i0.wp.com\/expertosenparquet.com\/w\/wp-content\/uploads\/2020\/03\/cropped-Logo-expertos-mini-fondo-1.png?fit=1363%2C250&ssl=1","contentUrl":"https:\/\/i0.wp.com\/expertosenparquet.com\/w\/wp-content\/uploads\/2020\/03\/cropped-Logo-expertos-mini-fondo-1.png?fit=1363%2C250&ssl=1","width":1363,"height":250,"caption":"Expertos en Parquet"},"image":{"@id":"https:\/\/expertosenparquet.com\/w\/#\/schema\/logo\/image\/"},"sameAs":["https:\/\/www.facebook.com\/ExpertosEnParquetPagina\/"]}]}},"jetpack_sharing_enabled":true,"_links":{"self":[{"href":"https:\/\/expertosenparquet.com\/w\/wp-json\/wp\/v2\/pages\/2697","targetHints":{"allow":["GET"]}}],"collection":[{"href":"https:\/\/expertosenparquet.com\/w\/wp-json\/wp\/v2\/pages"}],"about":[{"href":"https:\/\/expertosenparquet.com\/w\/wp-json\/wp\/v2\/types\/page"}],"author":[{"embeddable":true,"href":"https:\/\/expertosenparquet.com\/w\/wp-json\/wp\/v2\/users\/1"}],"replies":[{"embeddable":true,"href":"https:\/\/expertosenparquet.com\/w\/wp-json\/wp\/v2\/comments?post=2697"}],"version-history":[{"count":2,"href":"https:\/\/expertosenparquet.com\/w\/wp-json\/wp\/v2\/pages\/2697\/revisions"}],"predecessor-version":[{"id":2700,"href":"https:\/\/expertosenparquet.com\/w\/wp-json\/wp\/v2\/pages\/2697\/revisions\/2700"}],"wp:attachment":[{"href":"https:\/\/expertosenparquet.com\/w\/wp-json\/wp\/v2\/media?parent=2697"}],"curies":[{"name":"wp","href":"https:\/\/api.w.org\/{rel}","templated":true}]}}